{"id":1282,"date":"2017-10-17T11:30:19","date_gmt":"2017-10-17T09:30:19","guid":{"rendered":"https:\/\/www.pilencykel.se\/workshop\/?page_id=1282"},"modified":"2018-04-26T08:18:47","modified_gmt":"2018-04-26T06:18:47","slug":"villkor-for-anvandning","status":"publish","type":"page","link":"https:\/\/www.pilencykel.se\/workshop\/villkor-for-anvandning\/","title":{"rendered":"Villkor f\u00f6r anv\u00e4ndning"},"content":{"rendered":"<h3>DETTA \u00c4R INTE EN WEBBSHOP. DU KAN INTE K\u00d6PA N\u00c5GOT. BARA R\u00c4KNA P\u00c5 PRIS.<\/h3>\n<p>Detta \u00e4r en st\u00f6dverkstad f\u00f6r att r\u00e4kna fram pris p\u00e5 Pilens cyklar. Du v\u00e4ljer delar till din cykel och webbsidan r\u00e4knar fram ett uppskattat slutpris f\u00f6r din egenkomponerade Pilen. Du kan skicka prisber\u00e4kningen till dig sj\u00e4lv och anv\u00e4nda den i din kontakt med en av Pilens \u00e5terf\u00f6rs\u00e4ljare. Webbsidan sparar en kopia p\u00e5 ditt meddelande. Du f\u00f6rbinder dig inte till n\u00e5got. Pilen l\u00e4ser prisber\u00e4kningen<sup>1<\/sup> men g\u00f6r ingenting med den.\u00a0Observera igen. Detta \u00e4r <strong>inte<\/strong> en webbshop.<\/p>\n<p><span>Alla priser i ber\u00e4kningen \u00e4r rekommenderade och lokala variationer kan f\u00f6rekomma p.g.a. olika frakt.<\/span><\/p>\n<p>1. Undantag: \u00e4r du en privatperson som har v\u00e4ldigt l\u00e5ngt till en Pilen-\u00e5terf\u00f6rs\u00e4ljare kan du skriva det i f\u00e4ltet &#8221;Notering&#8221; innan du skickar din ber\u00e4kning och n\u00e4mna en lokal cykelaff\u00e4r s\u00e5 utg\u00e5r vi ifr\u00e5n din spec och f\u00f6rs\u00f6ker ordna leverans.<\/p>\n<h3>Cookies<\/h3>\n<p>Pilen Cykel anv\u00e4nder s\u00e5 kallade cookies p\u00e5 v\u00e5r webbplats. En cookie \u00e4r en liten textfil som lagras p\u00e5 datorn och som inneh\u00e5ller viss information dock ingen personinformation. Cookies anv\u00e4nder vi av rent tekniska sk\u00e4l f\u00f6r att f\u00f6rb\u00e4ttra webbplatsens anv\u00e4ndarupplevelse.<\/p>\n<p>Det finns tv\u00e5 sorters cookies: permanenta cookies, som ligger kvar p\u00e5 din dator under en best\u00e4md tid och sessionscookies, som h\u00e5lls i din dators minne bara under tiden som du \u00e4r inne p\u00e5 en webbsidan. Sessioncookies tas bort n\u00e4r du st\u00e4nger din webbl\u00e4sare. Vi anv\u00e4nder b\u00e5da typerna av cookies.<\/p>\n<p>Permanenta cookies anv\u00e4nder vi bland annat f\u00f6r att f\u00e5 statistik \u00f6ver hur webbplatsen anv\u00e4nds. Vi anv\u00e4nder Google Analytics som statistikverktyg. Sessioncookies anv\u00e4nder vi f\u00f6r att du ska kunna utnyttja vissa av de e-tj\u00e4nster som finns p\u00e5 webbplatsen som kontaktformul\u00e4r och ans\u00f6kan om att bli \u00e5terf\u00f6rs\u00e4ljare.<\/p>\n<p>Pilen Cykel lagrar ingen annan information under ditt bes\u00f6k p\u00e5 webbplatsen eller om dig som person.<\/p>\n<p>Om du inte vill till\u00e5ta lagring av cookies p\u00e5 din dator kan du st\u00e4nga av funktionen i din webbl\u00e4sares inst\u00e4llningar. Detta kan inneb\u00e4ra att vissa sidor p\u00e5 v\u00e5r webbplats inte fungerar tillfyllest.<\/p>\n<h3>PERSONUPPGIFTER ENLIGT GDPR<\/h3>\n<p>Pilen lagrar endast n\u00f6dv\u00e4ndiga personuppgifter n\u00e4r du skickar en prisber\u00e4kning. Informationen anv\u00e4nds inte av oss i n\u00e5got annat syfte eller \u00f6verl\u00e5ts till tredje person.<\/p>\n<p>Du kan skicka ett meddelande till oss via <a href=\"https:\/\/www.pilencykel.se\/sv\/kontakt\/\" target=\"_blank\" rel=\"noopener\">webbsidans kontaktformul\u00e4r<\/a> och be att vi \u00e5terkommer till dig med vilka personuppgifter som lagrats i v\u00e5ra system och om du vill att vi tar bort all information \u2013 genom att ange den e-postadress som angivits vid skickandet av din prisber\u00e4kning till oss.<\/p>\n","protected":false},"excerpt":{"rendered":"<p>DETTA \u00c4R INTE EN WEBBSHOP. DU KAN INTE K\u00d6PA N\u00c5GOT. BARA R\u00c4KNA P\u00c5 PRIS. Detta \u00e4r en st\u00f6dverkstad f\u00f6r att r\u00e4kna fram pris p\u00e5 Pilens cyklar. Du v\u00e4ljer delar till din cykel och webbsidan r\u00e4knar fram ett uppskattat slutpris f\u00f6r din egenkomponerade Pilen. Du kan skicka prisber\u00e4kningen till dig sj\u00e4lv och anv\u00e4nda den i din [&hellip;]<\/p>\n","protected":false},"author":1,"featured_media":0,"parent":0,"menu_order":0,"comment_status":"closed","ping_status":"closed","template":"","meta":{"site-sidebar-layout":"default","site-content-layout":"","ast-site-content-layout":"default","site-content-style":"default","site-sidebar-style":"default","ast-global-header-display":"","ast-banner-title-visibility":"","ast-main-header-display":"","ast-hfb-above-header-display":"","ast-hfb-below-header-display":"","ast-hfb-mobile-header-display":"","site-post-title":"","ast-breadcrumbs-content":"","ast-featured-img":"","footer-sml-layout":"","ast-disable-related-posts":"","theme-transparent-header-meta":"","adv-header-id-meta":"","stick-header-meta":"","header-above-stick-meta":"","header-main-stick-meta":"","header-below-stick-meta":"","astra-migrate-meta-layouts":"default","ast-page-background-enabled":"default","ast-page-background-meta":{"desktop":{"background-color":"","background-image":"","background-repeat":"repeat","background-position":"center center","background-size":"auto","background-attachment":"scroll","background-type":"","background-media":"","overlay-type":"","overlay-color":"","overlay-opacity":"","overlay-gradient":""},"tablet":{"background-color":"","background-image":"","background-repeat":"repeat","background-position":"center center","background-size":"auto","background-attachment":"scroll","background-type":"","background-media":"","overlay-type":"","overlay-color":"","overlay-opacity":"","overlay-gradient":""},"mobile":{"background-color":"","background-image":"","background-repeat":"repeat","background-position":"center center","background-size":"auto","background-attachment":"scroll","background-type":"","background-media":"","overlay-type":"","overlay-color":"","overlay-opacity":"","overlay-gradient":""}},"ast-content-background-meta":{"desktop":{"background-color":"var(--ast-global-color-5)","background-image":"","background-repeat":"repeat","background-position":"center center","background-size":"auto","background-attachment":"scroll","background-type":"","background-media":"","overlay-type":"","overlay-color":"","overlay-opacity":"","overlay-gradient":""},"tablet":{"background-color":"var(--ast-global-color-5)","background-image":"","background-repeat":"repeat","background-position":"center center","background-size":"auto","background-attachment":"scroll","background-type":"","background-media":"","overlay-type":"","overlay-color":"","overlay-opacity":"","overlay-gradient":""},"mobile":{"background-color":"var(--ast-global-color-5)","background-image":"","background-repeat":"repeat","background-position":"center center","background-size":"auto","background-attachment":"scroll","background-type":"","background-media":"","overlay-type":"","overlay-color":"","overlay-opacity":"","overlay-gradient":""}},"footnotes":""},"class_list":["post-1282","page","type-page","status-publish","hentry"],"_links":{"self":[{"href":"https:\/\/www.pilencykel.se\/workshop\/wp-json\/wp\/v2\/pages\/1282","targetHints":{"allow":["GET"]}}],"collection":[{"href":"https:\/\/www.pilencykel.se\/workshop\/wp-json\/wp\/v2\/pages"}],"about":[{"href":"https:\/\/www.pilencykel.se\/workshop\/wp-json\/wp\/v2\/types\/page"}],"author":[{"embeddable":true,"href":"https:\/\/www.pilencykel.se\/workshop\/wp-json\/wp\/v2\/users\/1"}],"replies":[{"embeddable":true,"href":"https:\/\/www.pilencykel.se\/workshop\/wp-json\/wp\/v2\/comments?post=1282"}],"version-history":[{"count":0,"href":"https:\/\/www.pilencykel.se\/workshop\/wp-json\/wp\/v2\/pages\/1282\/revisions"}],"wp:attachment":[{"href":"https:\/\/www.pilencykel.se\/workshop\/wp-json\/wp\/v2\/media?parent=1282"}],"curies":[{"name":"wp","href":"https:\/\/api.w.org\/{rel}","templated":true}]}}