{"id":14585,"date":"2023-07-16T11:16:23","date_gmt":"2023-07-16T09:16:23","guid":{"rendered":"https:\/\/www.pilencykel.se\/workshop\/?post_type=product&#038;p=14585"},"modified":"2024-02-09T09:17:23","modified_gmt":"2024-02-09T07:17:23","slug":"pilen-lyx-dam-tyllinge","status":"publish","type":"product","link":"https:\/\/www.pilencykel.se\/workshop\/produkt\/pilen-lyx-dam-tyllinge\/","title":{"rendered":"Pilen Lyx dam Special Tyllinge"},"content":{"rendered":"<h3>Pilen Lyx dam Special Tyllinge f\u00f6rvald utrustning<\/h3>\n<ul>\n<li>Helf\u00e4rgad R\u00f6d RAL 3004.<\/li>\n<li>Sadel Brooks B67 Honey.<\/li>\n<li>Silveranodiserade f\u00e4lgar.<\/li>\n<li>Schwalbe ballongd\u00e4ck Creme-reflex.<\/li>\n<li>Handtag Herrmans Primergo.<\/li>\n<li>Klocka Crane Bell Suzu Brass.<\/li>\n<li>Framlyse Busch &amp; M\u00fcller Lumotec Classic N LED.<\/li>\n<\/ul>\n","protected":false},"excerpt":{"rendered":"<p>Anv\u00e4nd nedan knapp f\u00f6r att ladda in Pilen Lyx dam Special Tyllinge enligt Pilens specialkomposition med f\u00f6rval av extrautrustning.<br \/>\n<a class=\"button\" style=\"margin-top: 5px;\" href=\"https:\/\/www.pilencykel.se\/workshop\/produkt\/pilen-lyx-dam-tyllinge\/?attribute_pa_color=dark-red&amp;tmcp_radio_0=Helf\u00e4rgad%20cykel%20i%20ramf\u00e4rg_1&amp;tmcp_radio_3=B%26M%20LUMOTEC%20Classic%20N%20LED_1&amp;tmcp_radio_6=Aluminium%20silveranodiserade_1&amp;tmcp_radio_8=Brooks%20B67%20honung_5&amp;tmcp_radio_7=Schwalbe%20ballongd\u00e4ck%20Creme-reflex_1&amp;tmcp_radio_9=Kork%20Primergo_2&amp;tmcp_radio_12=Crane%20Bell%20Suzu%20Brass_5\">Ladda in f\u00f6rvalen f\u00f6r Pilen Lyx dam Special Tyllinge<\/a><\/p>\n<p>Pilen Lyx dam Special Tyllinge \u00e4r en uppskattad specialkomposition med f\u00f6ljande recept: lackerad helf\u00e4rgad r\u00f6d RAL 3004 d.v.s. alla cykelns delar ram, gaffel, paketh\u00e5llare, kedjeskydd och st\u00e4nksk\u00e4rmar i samma f\u00e4rg. Shimano Nexus 7 v\u00e4xlar med fotbroms (eller v\u00e4lj fritt mellan fyra baknav). Sadel Brooks B67 Honey, silveranodiserade f\u00e4lgar, Schwalbe ballongd\u00e4ck Creme-reflex, handtag Herrmans Primergo, klocka Crane Bell Suzu Brass och framlyse Busch &amp; M\u00fcller Lumotec Classic N LED. Den har sin extrautrustning f\u00f6rvald i konfiguratorn precis som den visas p\u00e5 modellbilderna.<\/p>\n<p>Det st\u00e5r dig fritt att \u00e4ndra, ta bort eller l\u00e4gga till extra utrustning. De f\u00f6rvalda utrustningsdetaljerna \u00e4r f\u00f6r att f\u00f6renkla prisber\u00e4kningen. F\u00e4rgen helf\u00e4rgad r\u00f6d RAL 3004 \u00e4r fastst\u00e4lld f\u00f6r Pilen Lyx Special Tyllinge och ska inte \u00e4ndras.<\/p>\n<p>Vill du konfigurera en normal Pilen Lyx dam utan fast f\u00e4rg helf\u00e4rgad r\u00f6d RAL 3004 s\u00e5 anv\u00e4nder du den <a href=\"https:\/\/www.pilencykel.se\/workshop\/produkt\/pilen-lyx-ladies\/\" target=\"_blank\" rel=\"noopener\">vanliga produktsidan f\u00f6r Pilen Lyx dam<\/a>.<\/p>\n","protected":false},"featured_media":14590,"template":"","meta":{"site-sidebar-layout":"default","site-content-layout":"default","ast-site-content-layout":"default","site-content-style":"default","site-sidebar-style":"default","ast-global-header-display":"","ast-banner-title-visibility":"","ast-main-header-display":"","ast-hfb-above-header-display":"","ast-hfb-below-header-display":"","ast-hfb-mobile-header-display":"","site-post-title":"","ast-breadcrumbs-content":"","ast-featured-img":"","footer-sml-layout":"","ast-disable-related-posts":"","theme-transparent-header-meta":"default","adv-header-id-meta":"","stick-header-meta":"default","header-above-stick-meta":"","header-main-stick-meta":"","header-below-stick-meta":"","astra-migrate-meta-layouts":"set","ast-page-background-enabled":"default","ast-page-background-meta":{"desktop":{"background-color":"","background-image":"","background-repeat":"repeat","background-position":"center center","background-size":"auto","background-attachment":"scroll","background-type":"","background-media":"","overlay-type":"","overlay-color":"","overlay-opacity":"","overlay-gradient":""},"tablet":{"background-color":"","background-image":"","background-repeat":"repeat","background-position":"center center","background-size":"auto","background-attachment":"scroll","background-type":"","background-media":"","overlay-type":"","overlay-color":"","overlay-opacity":"","overlay-gradient":""},"mobile":{"background-color":"","background-image":"","background-repeat":"repeat","background-position":"center center","background-size":"auto","background-attachment":"scroll","background-type":"","background-media":"","overlay-type":"","overlay-color":"","overlay-opacity":"","overlay-gradient":""}},"ast-content-background-meta":{"desktop":{"background-color":"var(--ast-global-color-5)","background-image":"","background-repeat":"repeat","background-position":"center center","background-size":"auto","background-attachment":"scroll","background-type":"","background-media":"","overlay-type":"","overlay-color":"","overlay-opacity":"","overlay-gradient":""},"tablet":{"background-color":"var(--ast-global-color-5)","background-image":"","background-repeat":"repeat","background-position":"center center","background-size":"auto","background-attachment":"scroll","background-type":"","background-media":"","overlay-type":"","overlay-color":"","overlay-opacity":"","overlay-gradient":""},"mobile":{"background-color":"var(--ast-global-color-5)","background-image":"","background-repeat":"repeat","background-position":"center center","background-size":"auto","background-attachment":"scroll","background-type":"","background-media":"","overlay-type":"","overlay-color":"","overlay-opacity":"","overlay-gradient":""}}},"product_brand":[],"product_cat":[38],"product_tag":[],"class_list":{"0":"post-14585","1":"product","2":"type-product","3":"status-publish","4":"has-post-thumbnail","6":"product_cat-pilen-lyx","7":"pa_color-dark-red","8":"pa_rear-hub-shimano-0-gears","9":"pa_rear-hub-shimano-nexus-3","10":"pa_rear-hub-shimano-nexus-7-coasterbrakes","11":"pa_rear-hub-shimano-nexus-7-rollerbrake","12":"desktop-align-left","13":"tablet-align-left","14":"mobile-align-left","15":"ast-product-gallery-layout-horizontal","16":"ast-product-single-variable","17":"ast-product-tabs-layout-horizontal","18":"tm-has-options","20":"first","21":"onbackorder","22":"taxable","23":"shipping-taxable","24":"purchasable","25":"product-type-variable","26":"has-default-attributes"},"_links":{"self":[{"href":"https:\/\/www.pilencykel.se\/workshop\/wp-json\/wp\/v2\/product\/14585","targetHints":{"allow":["GET"]}}],"collection":[{"href":"https:\/\/www.pilencykel.se\/workshop\/wp-json\/wp\/v2\/product"}],"about":[{"href":"https:\/\/www.pilencykel.se\/workshop\/wp-json\/wp\/v2\/types\/product"}],"wp:featuredmedia":[{"embeddable":true,"href":"https:\/\/www.pilencykel.se\/workshop\/wp-json\/wp\/v2\/media\/14590"}],"wp:attachment":[{"href":"https:\/\/www.pilencykel.se\/workshop\/wp-json\/wp\/v2\/media?parent=14585"}],"wp:term":[{"taxonomy":"product_brand","embeddable":true,"href":"https:\/\/www.pilencykel.se\/workshop\/wp-json\/wp\/v2\/product_brand?post=14585"},{"taxonomy":"product_cat","embeddable":true,"href":"https:\/\/www.pilencykel.se\/workshop\/wp-json\/wp\/v2\/product_cat?post=14585"},{"taxonomy":"product_tag","embeddable":true,"href":"https:\/\/www.pilencykel.se\/workshop\/wp-json\/wp\/v2\/product_tag?post=14585"}],"curies":[{"name":"wp","href":"https:\/\/api.w.org\/{rel}","templated":true}]}}