{"id":15635,"date":"2024-06-09T19:23:59","date_gmt":"2024-06-09T17:23:59","guid":{"rendered":"https:\/\/www.pilencykel.se\/workshop\/?post_type=product&#038;p=15635"},"modified":"2026-03-24T12:31:24","modified_gmt":"2026-03-24T10:31:24","slug":"pilen-lyx-mens","status":"publish","type":"product","link":"https:\/\/www.pilencykel.se\/workshop\/produkt\/pilen-lyx-mens\/","title":{"rendered":"Pilen Lyx herr"},"content":{"rendered":"","protected":false},"excerpt":{"rendered":"<p>R\u00e4kna fram ett cirkapris p\u00e5 Pilen Lyx herr. V\u00e4lj f\u00f6rst f\u00e4rg och v\u00e4xelalternativ. Prisen f\u00f6r valen i konfiguratorn r\u00e4knas mot en standardutrustad Pilen Lyx. Vissa val visas d\u00e4rf\u00f6r som ett avdrag. Notera att frakt kan tillkomma. Utseendet p\u00e5 cykeln med delarna visas inte. Om du vill kan du skicka prisber\u00e4kningen till dig sj\u00e4lv. Obs. du f\u00f6rbinder dig inte till n\u00e5got. <a href=\"https:\/\/www.pilencykel.se\/sv\/vara-cyklar\/pilen-lyx-herr\/\" target=\"_blank\" rel=\"noopener noreferrer\">Se Pilen Lyx Specifikation h\u00e4r<\/a>. <!--[elementor-template id=\"10844\"]-->[elementor-template id=\"15015\"]<\/p>\n","protected":false},"featured_media":15513,"template":"","meta":{"site-sidebar-layout":"default","site-content-layout":"default","ast-site-content-layout":"default","site-content-style":"default","site-sidebar-style":"default","ast-global-header-display":"","ast-banner-title-visibility":"","ast-main-header-display":"","ast-hfb-above-header-display":"","ast-hfb-below-header-display":"","ast-hfb-mobile-header-display":"","site-post-title":"","ast-breadcrumbs-content":"","ast-featured-img":"","footer-sml-layout":"","ast-disable-related-posts":"","theme-transparent-header-meta":"default","adv-header-id-meta":"","stick-header-meta":"default","header-above-stick-meta":"","header-main-stick-meta":"","header-below-stick-meta":"","astra-migrate-meta-layouts":"set","ast-page-background-enabled":"default","ast-page-background-meta":{"desktop":{"background-color":"","background-image":"","background-repeat":"repeat","background-position":"center center","background-size":"auto","background-attachment":"scroll","background-type":"","background-media":"","overlay-type":"","overlay-color":"","overlay-opacity":"","overlay-gradient":""},"tablet":{"background-color":"","background-image":"","background-repeat":"repeat","background-position":"center center","background-size":"auto","background-attachment":"scroll","background-type":"","background-media":"","overlay-type":"","overlay-color":"","overlay-opacity":"","overlay-gradient":""},"mobile":{"background-color":"","background-image":"","background-repeat":"repeat","background-position":"center center","background-size":"auto","background-attachment":"scroll","background-type":"","background-media":"","overlay-type":"","overlay-color":"","overlay-opacity":"","overlay-gradient":""}},"ast-content-background-meta":{"desktop":{"background-color":"var(--ast-global-color-5)","background-image":"","background-repeat":"repeat","background-position":"center center","background-size":"auto","background-attachment":"scroll","background-type":"","background-media":"","overlay-type":"","overlay-color":"","overlay-opacity":"","overlay-gradient":""},"tablet":{"background-color":"var(--ast-global-color-5)","background-image":"","background-repeat":"repeat","background-position":"center center","background-size":"auto","background-attachment":"scroll","background-type":"","background-media":"","overlay-type":"","overlay-color":"","overlay-opacity":"","overlay-gradient":""},"mobile":{"background-color":"var(--ast-global-color-5)","background-image":"","background-repeat":"repeat","background-position":"center center","background-size":"auto","background-attachment":"scroll","background-type":"","background-media":"","overlay-type":"","overlay-color":"","overlay-opacity":"","overlay-gradient":""}}},"product_brand":[],"product_cat":[137,38],"product_tag":[139],"class_list":{"0":"post-15635","1":"product","2":"type-product","3":"status-publish","4":"has-post-thumbnail","6":"product_cat-herr","7":"product_cat-pilen-lyx","8":"product_tag-pilen-lyx-herr","9":"pa_color-black","10":"pa_color-blue","11":"pa_color-dark-red","12":"pa_color-dark-green","13":"pa_color-grey","14":"pa_color-ljusgron","15":"pa_color-ljusbla","16":"pa_color-creme","17":"pa_color-durablue","18":"pa_color-duragron","19":"pa_rear-hub-shimano-0-gears","20":"pa_rear-hub-shimano-nexus-3","21":"pa_rear-hub-shimano-nexus-7-coasterbrakes","22":"pa_rear-hub-shimano-nexus-7-rollerbrake","23":"desktop-align-left","24":"tablet-align-left","25":"mobile-align-left","26":"ast-product-gallery-layout-horizontal","27":"ast-product-single-variable","28":"ast-product-tabs-layout-horizontal","29":"tm-has-styled-variations","30":"tm-has-options","32":"first","33":"instock","34":"featured","35":"taxable","36":"shipping-taxable","37":"purchasable","38":"product-type-variable","39":"has-default-attributes"},"_links":{"self":[{"href":"https:\/\/www.pilencykel.se\/workshop\/wp-json\/wp\/v2\/product\/15635","targetHints":{"allow":["GET"]}}],"collection":[{"href":"https:\/\/www.pilencykel.se\/workshop\/wp-json\/wp\/v2\/product"}],"about":[{"href":"https:\/\/www.pilencykel.se\/workshop\/wp-json\/wp\/v2\/types\/product"}],"wp:featuredmedia":[{"embeddable":true,"href":"https:\/\/www.pilencykel.se\/workshop\/wp-json\/wp\/v2\/media\/15513"}],"wp:attachment":[{"href":"https:\/\/www.pilencykel.se\/workshop\/wp-json\/wp\/v2\/media?parent=15635"}],"wp:term":[{"taxonomy":"product_brand","embeddable":true,"href":"https:\/\/www.pilencykel.se\/workshop\/wp-json\/wp\/v2\/product_brand?post=15635"},{"taxonomy":"product_cat","embeddable":true,"href":"https:\/\/www.pilencykel.se\/workshop\/wp-json\/wp\/v2\/product_cat?post=15635"},{"taxonomy":"product_tag","embeddable":true,"href":"https:\/\/www.pilencykel.se\/workshop\/wp-json\/wp\/v2\/product_tag?post=15635"}],"curies":[{"name":"wp","href":"https:\/\/api.w.org\/{rel}","templated":true}]}}