{"id":15696,"date":"2024-06-10T06:35:29","date_gmt":"2024-06-10T04:35:29","guid":{"rendered":"https:\/\/www.pilencykel.se\/workshop\/?post_type=product&#038;p=15696"},"modified":"2026-04-01T07:45:20","modified_gmt":"2026-04-01T05:45:20","slug":"pilen-gt-dam","status":"publish","type":"product","link":"https:\/\/www.pilencykel.se\/workshop\/produkt\/pilen-gt-dam\/","title":{"rendered":"Pilen GT dam"},"content":{"rendered":"","protected":false},"excerpt":{"rendered":"<p>R\u00e4kna fram ett cirkapris p\u00e5 Pilen GT dam. V\u00e4lj f\u00f6rst f\u00e4rg och v\u00e4xelalternativ och ramtyp. Notera att frakt kan tillkomma. Utseendet p\u00e5 cykeln med delarna visas inte. Om du vill kan du skicka prisber\u00e4kningen till dig sj\u00e4lv. Obs. du f\u00f6rbinder dig inte till n\u00e5got. Pilen GT kan \u00e4ven f\u00e5s med korg och frampaketh\u00e5llare. <a href=\"https:\/\/www.pilencykel.se\/sv\/vara-cyklar\/pilen-gt-dam\/\" target=\"_blank\" rel=\"noopener noreferrer\">Se Pilen GT Specifikation h\u00e4r<\/a>. <!--[elementor-template id=\"10844\"]-->[elementor-template id=\"15999\"]<\/p>\n","protected":false},"featured_media":15460,"template":"","meta":{"site-sidebar-layout":"default","site-content-layout":"default","ast-site-content-layout":"default","site-content-style":"default","site-sidebar-style":"default","ast-global-header-display":"","ast-banner-title-visibility":"","ast-main-header-display":"","ast-hfb-above-header-display":"","ast-hfb-below-header-display":"","ast-hfb-mobile-header-display":"","site-post-title":"","ast-breadcrumbs-content":"","ast-featured-img":"","footer-sml-layout":"","ast-disable-related-posts":"","theme-transparent-header-meta":"default","adv-header-id-meta":"","stick-header-meta":"default","header-above-stick-meta":"","header-main-stick-meta":"","header-below-stick-meta":"","astra-migrate-meta-layouts":"set","ast-page-background-enabled":"default","ast-page-background-meta":{"desktop":{"background-color":"","background-image":"","background-repeat":"repeat","background-position":"center center","background-size":"auto","background-attachment":"scroll","background-type":"","background-media":"","overlay-type":"","overlay-color":"","overlay-opacity":"","overlay-gradient":""},"tablet":{"background-color":"","background-image":"","background-repeat":"repeat","background-position":"center center","background-size":"auto","background-attachment":"scroll","background-type":"","background-media":"","overlay-type":"","overlay-color":"","overlay-opacity":"","overlay-gradient":""},"mobile":{"background-color":"","background-image":"","background-repeat":"repeat","background-position":"center center","background-size":"auto","background-attachment":"scroll","background-type":"","background-media":"","overlay-type":"","overlay-color":"","overlay-opacity":"","overlay-gradient":""}},"ast-content-background-meta":{"desktop":{"background-color":"var(--ast-global-color-5)","background-image":"","background-repeat":"repeat","background-position":"center center","background-size":"auto","background-attachment":"scroll","background-type":"","background-media":"","overlay-type":"","overlay-color":"","overlay-opacity":"","overlay-gradient":""},"tablet":{"background-color":"var(--ast-global-color-5)","background-image":"","background-repeat":"repeat","background-position":"center center","background-size":"auto","background-attachment":"scroll","background-type":"","background-media":"","overlay-type":"","overlay-color":"","overlay-opacity":"","overlay-gradient":""},"mobile":{"background-color":"var(--ast-global-color-5)","background-image":"","background-repeat":"repeat","background-position":"center center","background-size":"auto","background-attachment":"scroll","background-type":"","background-media":"","overlay-type":"","overlay-color":"","overlay-opacity":"","overlay-gradient":""}}},"product_brand":[],"product_cat":[106,78],"product_tag":[],"class_list":{"0":"post-15696","1":"product","2":"type-product","3":"status-publish","4":"has-post-thumbnail","6":"product_cat-gt","7":"product_cat-cyklar","8":"pa_color-black","9":"pa_color-blue","10":"pa_color-dark-red","11":"pa_color-dark-green","12":"pa_color-grey","13":"pa_color-ljusgron","14":"pa_color-ljusbla","15":"pa_color-creme","16":"pa_color-durablue","17":"pa_color-duragron","18":"pa_rear-hub-shimano-0-gears","19":"pa_rear-hub-shimano-nexus-3","20":"pa_rear-hub-shimano-nexus-7-coasterbrakes","21":"pa_rear-hub-shimano-nexus-7-rollerbrake","22":"desktop-align-left","23":"tablet-align-left","24":"mobile-align-left","25":"ast-product-gallery-layout-horizontal","26":"ast-product-single-variable","27":"ast-product-tabs-layout-horizontal","28":"tm-has-styled-variations","29":"tm-has-options","31":"first","32":"instock","33":"featured","34":"taxable","35":"shipping-taxable","36":"purchasable","37":"product-type-variable","38":"has-default-attributes"},"_links":{"self":[{"href":"https:\/\/www.pilencykel.se\/workshop\/wp-json\/wp\/v2\/product\/15696","targetHints":{"allow":["GET"]}}],"collection":[{"href":"https:\/\/www.pilencykel.se\/workshop\/wp-json\/wp\/v2\/product"}],"about":[{"href":"https:\/\/www.pilencykel.se\/workshop\/wp-json\/wp\/v2\/types\/product"}],"wp:featuredmedia":[{"embeddable":true,"href":"https:\/\/www.pilencykel.se\/workshop\/wp-json\/wp\/v2\/media\/15460"}],"wp:attachment":[{"href":"https:\/\/www.pilencykel.se\/workshop\/wp-json\/wp\/v2\/media?parent=15696"}],"wp:term":[{"taxonomy":"product_brand","embeddable":true,"href":"https:\/\/www.pilencykel.se\/workshop\/wp-json\/wp\/v2\/product_brand?post=15696"},{"taxonomy":"product_cat","embeddable":true,"href":"https:\/\/www.pilencykel.se\/workshop\/wp-json\/wp\/v2\/product_cat?post=15696"},{"taxonomy":"product_tag","embeddable":true,"href":"https:\/\/www.pilencykel.se\/workshop\/wp-json\/wp\/v2\/product_tag?post=15696"}],"curies":[{"name":"wp","href":"https:\/\/api.w.org\/{rel}","templated":true}]}}