{"id":16039,"date":"2024-07-29T15:30:42","date_gmt":"2024-07-29T13:30:42","guid":{"rendered":"https:\/\/www.pilencykel.se\/workshop\/?post_type=product&#038;p=16039"},"modified":"2025-06-18T15:41:48","modified_gmt":"2025-06-18T13:41:48","slug":"pilen-grus","status":"publish","type":"product","link":"https:\/\/www.pilencykel.se\/workshop\/produkt\/pilen-grus\/","title":{"rendered":"Pilen Grus"},"content":{"rendered":"","protected":false},"excerpt":{"rendered":"<p>R\u00e4kna fram ett cirkapris p\u00e5 Pilen Grus. V\u00e4lj f\u00e4rg och tillval. Pilen Grus kan f\u00e5s med navdynamo och skivbromsar fram. Notera att frakt kan tillkomma. Utseendet p\u00e5 cykeln med delarna visas inte. Om du vill kan du skicka prisber\u00e4kningen till dig sj\u00e4lv. Obs. du f\u00f6rbinder dig inte till n\u00e5got.<\/p>\n","protected":false},"featured_media":16045,"template":"","meta":{"site-sidebar-layout":"default","site-content-layout":"","ast-site-content-layout":"default","site-content-style":"default","site-sidebar-style":"default","ast-global-header-display":"","ast-banner-title-visibility":"","ast-main-header-display":"","ast-hfb-above-header-display":"","ast-hfb-below-header-display":"","ast-hfb-mobile-header-display":"","site-post-title":"","ast-breadcrumbs-content":"","ast-featured-img":"","footer-sml-layout":"","ast-disable-related-posts":"","theme-transparent-header-meta":"default","adv-header-id-meta":"","stick-header-meta":"default","header-above-stick-meta":"","header-main-stick-meta":"","header-below-stick-meta":"","astra-migrate-meta-layouts":"set","ast-page-background-enabled":"default","ast-page-background-meta":{"desktop":{"background-color":"","background-image":"","background-repeat":"repeat","background-position":"center center","background-size":"auto","background-attachment":"scroll","background-type":"","background-media":"","overlay-type":"","overlay-color":"","overlay-opacity":"","overlay-gradient":""},"tablet":{"background-color":"","background-image":"","background-repeat":"repeat","background-position":"center center","background-size":"auto","background-attachment":"scroll","background-type":"","background-media":"","overlay-type":"","overlay-color":"","overlay-opacity":"","overlay-gradient":""},"mobile":{"background-color":"","background-image":"","background-repeat":"repeat","background-position":"center center","background-size":"auto","background-attachment":"scroll","background-type":"","background-media":"","overlay-type":"","overlay-color":"","overlay-opacity":"","overlay-gradient":""}},"ast-content-background-meta":{"desktop":{"background-color":"var(--ast-global-color-5)","background-image":"","background-repeat":"repeat","background-position":"center center","background-size":"auto","background-attachment":"scroll","background-type":"","background-media":"","overlay-type":"","overlay-color":"","overlay-opacity":"","overlay-gradient":""},"tablet":{"background-color":"var(--ast-global-color-5)","background-image":"","background-repeat":"repeat","background-position":"center center","background-size":"auto","background-attachment":"scroll","background-type":"","background-media":"","overlay-type":"","overlay-color":"","overlay-opacity":"","overlay-gradient":""},"mobile":{"background-color":"var(--ast-global-color-5)","background-image":"","background-repeat":"repeat","background-position":"center center","background-size":"auto","background-attachment":"scroll","background-type":"","background-media":"","overlay-type":"","overlay-color":"","overlay-opacity":"","overlay-gradient":""}}},"product_brand":[],"product_cat":[159],"product_tag":[],"class_list":{"0":"post-16039","1":"product","2":"type-product","3":"status-publish","4":"has-post-thumbnail","6":"product_cat-grus","7":"pa_color-black","8":"pa_color-grey","9":"desktop-align-left","10":"tablet-align-left","11":"mobile-align-left","12":"ast-product-gallery-layout-horizontal","13":"ast-product-gallery-with-no-image","14":"ast-product-single-variable","15":"ast-product-tabs-layout-horizontal","16":"tm-has-options","18":"first","19":"instock","20":"featured","21":"taxable","22":"shipping-taxable","23":"purchasable","24":"product-type-variable"},"_links":{"self":[{"href":"https:\/\/www.pilencykel.se\/workshop\/wp-json\/wp\/v2\/product\/16039","targetHints":{"allow":["GET"]}}],"collection":[{"href":"https:\/\/www.pilencykel.se\/workshop\/wp-json\/wp\/v2\/product"}],"about":[{"href":"https:\/\/www.pilencykel.se\/workshop\/wp-json\/wp\/v2\/types\/product"}],"wp:featuredmedia":[{"embeddable":true,"href":"https:\/\/www.pilencykel.se\/workshop\/wp-json\/wp\/v2\/media\/16045"}],"wp:attachment":[{"href":"https:\/\/www.pilencykel.se\/workshop\/wp-json\/wp\/v2\/media?parent=16039"}],"wp:term":[{"taxonomy":"product_brand","embeddable":true,"href":"https:\/\/www.pilencykel.se\/workshop\/wp-json\/wp\/v2\/product_brand?post=16039"},{"taxonomy":"product_cat","embeddable":true,"href":"https:\/\/www.pilencykel.se\/workshop\/wp-json\/wp\/v2\/product_cat?post=16039"},{"taxonomy":"product_tag","embeddable":true,"href":"https:\/\/www.pilencykel.se\/workshop\/wp-json\/wp\/v2\/product_tag?post=16039"}],"curies":[{"name":"wp","href":"https:\/\/api.w.org\/{rel}","templated":true}]}}