{"id":16127,"date":"2024-08-26T09:26:56","date_gmt":"2024-08-26T07:26:56","guid":{"rendered":"https:\/\/www.pilencykel.se\/workshop\/?post_type=product&#038;p=16127"},"modified":"2026-03-24T12:38:15","modified_gmt":"2026-03-24T10:38:15","slug":"pilen-el1","status":"publish","type":"product","link":"https:\/\/www.pilencykel.se\/workshop\/produkt\/pilen-el1\/","title":{"rendered":"Pilen EL1"},"content":{"rendered":"","protected":false},"excerpt":{"rendered":"<p>R\u00e4kna fram ett cirkapris p\u00e5 Pilen EL1. V\u00e4lj f\u00f6rst f\u00e4rg och v\u00e4xelalternativ. Prisen f\u00f6r valen i konfiguratorn r\u00e4knas mot en standardutrustad Pilen EL1 (val av ramf\u00e4rg + svart kedjeskydd och svarta st\u00e4nksk\u00e4rmar). Notera att frakt kan tillkomma. Utseendet p\u00e5 cykeln med delarna visas inte. Om du vill kan du skicka prisber\u00e4kningen till dig sj\u00e4lv. Obs. du f\u00f6rbinder dig inte till n\u00e5got. <a href=\"https:\/\/www.pilencykel.se\/sv\/vara-cyklar\/el1\/\" target=\"_blank\" rel=\"noopener noreferrer\">Se Pilen El1 Specifikation h\u00e4r<\/a>.<\/p>\n[elementor-template id=\"13400\"]\n<div style=\"height: 10px;\"><\/div>\n","protected":false},"featured_media":16115,"template":"","meta":{"site-sidebar-layout":"default","site-content-layout":"default","ast-site-content-layout":"default","site-content-style":"default","site-sidebar-style":"default","ast-global-header-display":"","ast-banner-title-visibility":"","ast-main-header-display":"","ast-hfb-above-header-display":"","ast-hfb-below-header-display":"","ast-hfb-mobile-header-display":"","site-post-title":"","ast-breadcrumbs-content":"","ast-featured-img":"","footer-sml-layout":"","ast-disable-related-posts":"","theme-transparent-header-meta":"default","adv-header-id-meta":"","stick-header-meta":"default","header-above-stick-meta":"","header-main-stick-meta":"","header-below-stick-meta":"","astra-migrate-meta-layouts":"set","ast-page-background-enabled":"default","ast-page-background-meta":{"desktop":{"background-color":"","background-image":"","background-repeat":"repeat","background-position":"center center","background-size":"auto","background-attachment":"scroll","background-type":"","background-media":"","overlay-type":"","overlay-color":"","overlay-opacity":"","overlay-gradient":""},"tablet":{"background-color":"","background-image":"","background-repeat":"repeat","background-position":"center center","background-size":"auto","background-attachment":"scroll","background-type":"","background-media":"","overlay-type":"","overlay-color":"","overlay-opacity":"","overlay-gradient":""},"mobile":{"background-color":"","background-image":"","background-repeat":"repeat","background-position":"center center","background-size":"auto","background-attachment":"scroll","background-type":"","background-media":"","overlay-type":"","overlay-color":"","overlay-opacity":"","overlay-gradient":""}},"ast-content-background-meta":{"desktop":{"background-color":"var(--ast-global-color-5)","background-image":"","background-repeat":"repeat","background-position":"center center","background-size":"auto","background-attachment":"scroll","background-type":"","background-media":"","overlay-type":"","overlay-color":"","overlay-opacity":"","overlay-gradient":""},"tablet":{"background-color":"var(--ast-global-color-5)","background-image":"","background-repeat":"repeat","background-position":"center center","background-size":"auto","background-attachment":"scroll","background-type":"","background-media":"","overlay-type":"","overlay-color":"","overlay-opacity":"","overlay-gradient":""},"mobile":{"background-color":"var(--ast-global-color-5)","background-image":"","background-repeat":"repeat","background-position":"center center","background-size":"auto","background-attachment":"scroll","background-type":"","background-media":"","overlay-type":"","overlay-color":"","overlay-opacity":"","overlay-gradient":""}}},"product_brand":[],"product_cat":[115],"product_tag":[],"class_list":{"0":"post-16127","1":"product","2":"type-product","3":"status-publish","4":"has-post-thumbnail","6":"product_cat-el1","7":"pa_color-durablue","8":"pa_color-duragron","9":"pa_color-plusfarg-ral9005","10":"pa_color-plusfarg-ral5001","11":"pa_color-plusfarg-ral3004","12":"pa_color-plusfarg-ral6005","13":"pa_color-plusfarg-ral7022","14":"pa_color-plusfarg-ral6021","15":"pa_color-plusfarg-ral5024","16":"pa_color-plusfarg-ral1015","17":"pa_rear-hub-shimano-nexus-7-coasterbrakes","18":"pa_rear-hub-shimano-nexus-8-coasterbrakes","19":"pa_rear-hub-shimano-nexus-8-coasterbrakes-yesdiscbrake","20":"pa_rear-hub-shimano-di2-nocoasterbrake","21":"desktop-align-left","22":"tablet-align-left","23":"mobile-align-left","24":"ast-product-gallery-layout-horizontal","25":"ast-product-single-variable","26":"ast-product-tabs-layout-horizontal","27":"tm-has-styled-variations","28":"tm-has-options","30":"first","31":"instock","32":"featured","33":"taxable","34":"shipping-taxable","35":"purchasable","36":"product-type-variable","37":"has-default-attributes"},"_links":{"self":[{"href":"https:\/\/www.pilencykel.se\/workshop\/wp-json\/wp\/v2\/product\/16127","targetHints":{"allow":["GET"]}}],"collection":[{"href":"https:\/\/www.pilencykel.se\/workshop\/wp-json\/wp\/v2\/product"}],"about":[{"href":"https:\/\/www.pilencykel.se\/workshop\/wp-json\/wp\/v2\/types\/product"}],"wp:featuredmedia":[{"embeddable":true,"href":"https:\/\/www.pilencykel.se\/workshop\/wp-json\/wp\/v2\/media\/16115"}],"wp:attachment":[{"href":"https:\/\/www.pilencykel.se\/workshop\/wp-json\/wp\/v2\/media?parent=16127"}],"wp:term":[{"taxonomy":"product_brand","embeddable":true,"href":"https:\/\/www.pilencykel.se\/workshop\/wp-json\/wp\/v2\/product_brand?post=16127"},{"taxonomy":"product_cat","embeddable":true,"href":"https:\/\/www.pilencykel.se\/workshop\/wp-json\/wp\/v2\/product_cat?post=16127"},{"taxonomy":"product_tag","embeddable":true,"href":"https:\/\/www.pilencykel.se\/workshop\/wp-json\/wp\/v2\/product_tag?post=16127"}],"curies":[{"name":"wp","href":"https:\/\/api.w.org\/{rel}","templated":true}]}}