{"id":1622,"date":"2019-05-22T19:24:36","date_gmt":"2019-05-22T17:24:36","guid":{"rendered":"https:\/\/www.pilencykel.se\/workshop\/?post_type=product&#038;p=1622"},"modified":"2026-02-12T09:51:39","modified_gmt":"2026-02-12T07:51:39","slug":"pilen-gtv-dam","status":"publish","type":"product","link":"https:\/\/www.pilencykel.se\/workshop\/produkt\/pilen-gtv-dam\/","title":{"rendered":"Pilen GTV dam"},"content":{"rendered":"","protected":false},"excerpt":{"rendered":"<p>R\u00e4kna fram ett cirkapris p\u00e5 Pilen GTV dam. V\u00e4lj f\u00f6rst f\u00e4rg och v\u00e4xelalternativ. Prisen f\u00f6r valen i konfiguratorn r\u00e4knas mot en standardutrustad Pilen GVT. Vissa val visas d\u00e4rf\u00f6r som ett avdrag. Notera att frakt kan tillkomma. Utseendet p\u00e5 cykeln med delarna visas inte. Om du vill kan du skicka prisber\u00e4kningen till dig sj\u00e4lv. Obs. du f\u00f6rbinder dig inte till n\u00e5got. Shimano Alfine 11 har utg\u00e5tt som baknav.<br \/>\n[elementor-template id=\"15999\"]<\/p>\n","protected":false},"featured_media":15552,"template":"","meta":{"site-sidebar-layout":"default","site-content-layout":"default","ast-site-content-layout":"default","site-content-style":"default","site-sidebar-style":"default","ast-global-header-display":"","ast-banner-title-visibility":"","ast-main-header-display":"","ast-hfb-above-header-display":"","ast-hfb-below-header-display":"","ast-hfb-mobile-header-display":"","site-post-title":"","ast-breadcrumbs-content":"","ast-featured-img":"","footer-sml-layout":"","ast-disable-related-posts":"","theme-transparent-header-meta":"default","adv-header-id-meta":"","stick-header-meta":"default","header-above-stick-meta":"","header-main-stick-meta":"","header-below-stick-meta":"","astra-migrate-meta-layouts":"set","ast-page-background-enabled":"default","ast-page-background-meta":{"desktop":{"background-color":"","background-image":"","background-repeat":"repeat","background-position":"center center","background-size":"auto","background-attachment":"scroll","background-type":"","background-media":"","overlay-type":"","overlay-color":"","overlay-opacity":"","overlay-gradient":""},"tablet":{"background-color":"","background-image":"","background-repeat":"repeat","background-position":"center center","background-size":"auto","background-attachment":"scroll","background-type":"","background-media":"","overlay-type":"","overlay-color":"","overlay-opacity":"","overlay-gradient":""},"mobile":{"background-color":"","background-image":"","background-repeat":"repeat","background-position":"center center","background-size":"auto","background-attachment":"scroll","background-type":"","background-media":"","overlay-type":"","overlay-color":"","overlay-opacity":"","overlay-gradient":""}},"ast-content-background-meta":{"desktop":{"background-color":"var(--ast-global-color-5)","background-image":"","background-repeat":"repeat","background-position":"center center","background-size":"auto","background-attachment":"scroll","background-type":"","background-media":"","overlay-type":"","overlay-color":"","overlay-opacity":"","overlay-gradient":""},"tablet":{"background-color":"var(--ast-global-color-5)","background-image":"","background-repeat":"repeat","background-position":"center center","background-size":"auto","background-attachment":"scroll","background-type":"","background-media":"","overlay-type":"","overlay-color":"","overlay-opacity":"","overlay-gradient":""},"mobile":{"background-color":"var(--ast-global-color-5)","background-image":"","background-repeat":"repeat","background-position":"center center","background-size":"auto","background-attachment":"scroll","background-type":"","background-media":"","overlay-type":"","overlay-color":"","overlay-opacity":"","overlay-gradient":""}}},"product_brand":[],"product_cat":[138,105,78],"product_tag":[],"class_list":{"0":"post-1622","1":"product","2":"type-product","3":"status-publish","4":"has-post-thumbnail","6":"product_cat-dam","7":"product_cat-gtv","8":"product_cat-cyklar","9":"pa_color-black","10":"pa_color-dark-red","11":"pa_color-dark-green","12":"pa_color-creme","13":"pa_color-durablue","14":"pa_color-duragron","15":"pa_color-plusfarg-ral5001","16":"pa_color-plusfarg-ral7022","17":"pa_color-plusfarg-ral6021","18":"pa_color-plusfarg-ral5024","19":"pa_rear-hub-shimano-deore-11-vaxlar","20":"desktop-align-left","21":"tablet-align-left","22":"mobile-align-left","23":"ast-product-gallery-layout-horizontal","24":"ast-product-single-variable","25":"ast-product-tabs-layout-horizontal","26":"tm-has-styled-variations","27":"tm-has-options","29":"first","30":"instock","31":"featured","32":"taxable","33":"shipping-taxable","34":"purchasable","35":"product-type-variable","36":"has-default-attributes"},"_links":{"self":[{"href":"https:\/\/www.pilencykel.se\/workshop\/wp-json\/wp\/v2\/product\/1622","targetHints":{"allow":["GET"]}}],"collection":[{"href":"https:\/\/www.pilencykel.se\/workshop\/wp-json\/wp\/v2\/product"}],"about":[{"href":"https:\/\/www.pilencykel.se\/workshop\/wp-json\/wp\/v2\/types\/product"}],"wp:featuredmedia":[{"embeddable":true,"href":"https:\/\/www.pilencykel.se\/workshop\/wp-json\/wp\/v2\/media\/15552"}],"wp:attachment":[{"href":"https:\/\/www.pilencykel.se\/workshop\/wp-json\/wp\/v2\/media?parent=1622"}],"wp:term":[{"taxonomy":"product_brand","embeddable":true,"href":"https:\/\/www.pilencykel.se\/workshop\/wp-json\/wp\/v2\/product_brand?post=1622"},{"taxonomy":"product_cat","embeddable":true,"href":"https:\/\/www.pilencykel.se\/workshop\/wp-json\/wp\/v2\/product_cat?post=1622"},{"taxonomy":"product_tag","embeddable":true,"href":"https:\/\/www.pilencykel.se\/workshop\/wp-json\/wp\/v2\/product_tag?post=1622"}],"curies":[{"name":"wp","href":"https:\/\/api.w.org\/{rel}","templated":true}]}}